{"id":3,"date":"2020-01-31T06:15:31","date_gmt":"2020-01-31T06:15:31","guid":{"rendered":"http:\/\/sublinemusic.com\/?page_id=3"},"modified":"2020-06-04T04:36:41","modified_gmt":"2020-06-04T04:36:41","slug":"privacy-policy","status":"publish","type":"page","link":"https:\/\/sublinemusic.com\/index.php\/privacy-policy\/","title":{"rendered":"Privacy Policy"},"content":{"rendered":"Datenschutzerkl\u00e4rung\r\n\r\nWooCommerce Datenschutzerkl\u00e4rung\r\n\r\nWir haben auf unserer Website das Open-Source Shopsystem WooCommerce als Plugin eingebunden. Dieses WooCommerce-Plugin basiert auf dem Content-Management-System WordPress, das ein Tochterunternehmen der Firma Automattic Inc. (60 29th Street #343, San Francisco, CA 94110, USA) ist. Durch die implementierten Funktionen werden Daten an Automattic Inc. versandt, gespeichert und verarbeitet. In dieser Datenschutzerkl\u00e4rung informieren wir Sie, um welche Daten es sich handelt, wie das Netzwerk diese Daten verwendet und wie Sie die Datenspeicherung verwalten bzw. unterbinden k\u00f6nnen.\r\n\r\nWas ist WooCommerce?\r\nWooCommerce ist ein Onlineshop-System, das seit 2011 Teil des Verzeichnisses von WordPress ist und speziell f\u00fcr WordPress-Websites entwickelt wurde. Es ist eine anpassbare, quelloffene eCommerce-Plattform, die auf WordPress basiert und auch als WordPress-Plugin in unsere Website eingebunden wurde.\r\n\r\nWarum verwenden wir WooCommerce auf unserer Webseite?\r\nWir nutzen diese praktische Onlineshop-L\u00f6sung, um Ihnen unserer physischen oder digitalen Produkte oder Dienstleistungen bestm\u00f6glich auf unserer Website anbieten zu k\u00f6nnen. Ziel ist es, Ihnen einen einfachen und leichten Zugang zu unserem Angebot zu erm\u00f6glichen, damit Sie unkompliziert und schnell zu Ihren gew\u00fcnschten Produkten kommen. Mit WooCommerce haben wir hier ein gutes Plugin gefunden, das unseren Anspr\u00fcchen an einen Onlineshop erf\u00fcllt.\r\n\r\nWelche Daten werden von WooCommerce gespeichert?\r\nInformationen, die Sie aktiv in ein Textfeld in unserem Onlineshop eingeben, k\u00f6nnen von WooCommerce bzw. von Automattic gesammelt und gespeichert werden. Also wenn Sie sich bei uns anmelden bzw. ein Produkt bestellen, kann Automattic diese Daten sammeln, verarbeiten und speichern. Dabei kann es sich neben E-Mail-Adresse, Namen oder Adresse auch um Kreditkarten- oder Rechnungsinformationen handeln. Automattic kann diese Informationen in weiterer Folge auch f\u00fcr eigene Marketing-Kampagnen n\u00fctzen.\r\n\r\nZudem gibt es auch noch Informationen, die Automattic automatisch in sogenannten Serverlogfiles von Ihnen sammelt:\r\n\r\nIP-Adresse\r\nBrowserinformationen\r\nVoreingestellte Spracheinstellung\r\nDatum und Uhrzeit des Webzugriffs\r\nWooCommerce setzt in Ihrem Browser auch Cookies und verwendet Technologien wie Pixel-Tags (Web Beacons), um beispielsweise Sie als User klar zu identifizieren und m\u00f6glicherweise interessensbezogene Werbung anbieten zu k\u00f6nnen. WooCommerce verwendet eine Reihe verschiedener Cookies, die je nach Useraktion gesetzt werden. Das hei\u00dft, wenn Sie zum Beispiel ein Produkt in den Warenkorb legen wird ein Cookie gesetzt, damit das Produkt auch im Warenkorb bleibt, wenn Sie unsere Website verlassen und zu einem sp\u00e4teren Zeitpunkt wiederkommen.\r\n\r\nHier zeigen wir Ihnen eine beispielhafte Liste m\u00f6glicher Cookies, die von WooCommerce gesetzt werden k\u00f6nnen:\r\n\r\nName: woocommerce_items_in_cart\r\nWert: 1\r\nVerwendungszweck: Das Cookie hilft WooCommerce festzustellen, wann sich der Inhalt im Warenkorb ver\u00e4ndert.\r\nAblaufdatum: nach Sitzungsende\r\n\r\nName: woocommerce_cart_hash\r\nWert: 447c84f810834056ab37cfe5ed27f204311182759-7\r\nVerwendungszweck: Auch dieses Cookie wird daf\u00fcr eingesetzt, um die Ver\u00e4nderungen in Ihrem Warenkorb zu erkennen und zu speichern.\r\nAblaufdatum: nach Sitzungsende\r\n\r\nName: wp_woocommerce_session_d9e29d251cf8a108a6482d9fe2ef34b6\r\nWert: 1146%7C%7C1589034207%7C%7C95f8053ce0cea135bbce671043e740311182759-4aa\r\nVerwendungszweck: Dieses Cookie enth\u00e4lt eine eindeutige Kennung f\u00fcr Sie, damit die Warenkorbdaten in der Datenbank auch gefunden werden k\u00f6nnen.\r\nAblaufdatum: nach 2 Tagen\r\n\r\nWie lange und wo werden die Daten gespeichert?\r\nSofern es keine gesetzliche Verpflichtung gibt, Daten f\u00fcr einen l\u00e4ngeren Zeitraum aufzubewahren, l\u00f6scht WooCommerce die Daten dann, wenn Sie f\u00fcr die eigenen Zwecke, f\u00fcr die Sie gespeichert wurden, nicht mehr ben\u00f6tigt werden. So werden zum Beispiel Serverlogfiles, die technische Daten zu Ihrem Browser und Ihrer IP-Adresse erhalten etwa nach 30 Tagen wieder gel\u00f6scht. Solange verwendet Automattic die Daten, um den Verkehr auf den eigenen Websites (zum Beispiel alle WordPress-Seiten) zu analysieren und m\u00f6gliche Probleme zu beheben. Die Daten werden auf amerikanischen Servern von Automattic gespeichert.\r\n\r\nWie kann ich meine Daten l\u00f6schen bzw. die Datenspeicherung verhindern?\r\nSie haben jederzeit das Recht auf Ihre personenbezogenen Daten zuzugreifen und Einspruch gegen die Nutzung und Verarbeitung dieser zu erheben. Sie k\u00f6nnen auch jederzeit bei einer staatlichen Aufsichtsbeh\u00f6rde eine Beschwerde einreichen.\r\n\r\nIn Ihrem Browser haben Sie auch die M\u00f6glichkeit, Cookies individuell zu verwalten, zu l\u00f6schen oder zu deaktivieren. Nehmen Sie aber bitte zur Kenntnis, dass deaktivierte oder gel\u00f6schte Cookies m\u00f6gliche negative Auswirkungen auf die Funktionen unseres WooCommerce-Onlineshops haben. Je nachdem, welchen Browser Sie verwenden, funktioniert das Verwalten der Cookies etwas anders. Im Folgenden sehen Sie Links zu den Anleitungen der g\u00e4ngigsten Browser:\r\n\r\nChrome: Cookies in Chrome l\u00f6schen, aktivieren und verwalten\r\n\r\nSafari: Verwalten von Cookies und Websitedaten mit Safari\r\n\r\nFirefox: Cookies l\u00f6schen, um Daten zu entfernen, die Websites auf Ihrem Computer abgelegt haben\r\n\r\nInternet Explorer: L\u00f6schen und Verwalten von Cookies\r\n\r\nMicrosoft Edge: L\u00f6schen und Verwalten von Cookies\r\n\r\nAutomattic ist aktiver Teilnehmer beim EU-U.S. Privacy Shield Framework, wodurch der korrekte und sichere Datentransfer pers\u00f6nlicher Daten geregelt wird. Mehr Informationen dazu finden Sie auf https:\/\/www.privacyshield.gov\/participant?id=a2zt0000000CbqcAAC.\r\nMehr Details zur Datenschutzrichtlinie und welche Daten auf welche Art durch WooCommerce erfasst werden, finden Sie auf https:\/\/automattic.com\/privacy\/ und allgemeine Informationen zu WooCommerce auf https:\/\/woocommerce.com\/.\r\n\r\nDatenschutz\r\n\r\nWir haben diese Datenschutzerkl\u00e4rung (Fassung 04.06.2020-311182759) verfasst, um Ihnen gem\u00e4\u00df der Vorgaben der Datenschutz-Grundverordnung (EU) 2016\/679 zu erkl\u00e4ren, welche Informationen wir sammeln, wie wir Daten verwenden und welche Entscheidungsm\u00f6glichkeiten Sie als Besucher dieser Webseite haben.\r\n\r\nLeider liegt es in der Natur der Sache, dass diese Erkl\u00e4rungen sehr technisch klingen, wir haben uns bei der Erstellung jedoch bem\u00fcht die wichtigsten Dinge so einfach und klar wie m\u00f6glich zu beschreiben.\r\n\r\nAdSimple Cookie Manager Datenschutzerkl\u00e4rung\r\n\r\nWir verwenden auf unserer Website den AdSimple Cookie Manager des Softwareentwicklungs- und Online-Marketing Unternehmens AdSimple GmbH, Fabriksgasse 20, 2230 G\u00e4nserndorf. Der AdSimple Cookie Manager bietet uns unter anderem die M\u00f6glichkeit, Ihnen einen umfangreichen und datenschutzkonformen Cookie-Hinweis zu liefern, damit Sie selbst entscheiden k\u00f6nnen, welche Cookies Sie zulassen und welche nicht. Durch die Verwendung dieser Software werden Daten von Ihnen an AdSimple gesendet und gespeichert. In dieser Datenschutzerkl\u00e4rung informieren wir Sie, warum wir den AdSimple Cookie Manager verwenden, welche Daten \u00fcbertragen und gespeichert werden und wie Sie diese Daten\u00fcbertragung verhindern k\u00f6nnen.\r\n\r\nWas ist der AdSimple Cookie Manager?\r\nDer AdSimple Cookie Manager ist eine Software, die unsere Website scannt und alle vorhandenen Cookies identifiziert und kategorisiert. Zudem werden Sie als Websitebesucher \u00fcber ein Cookie Hinweis Script \u00fcber die Verwendung von Cookies informiert und entscheiden selbst welche Cookies Sie zulassen und welche nicht.\r\n\r\nWarum verwenden wir den AdSimple Cookie Manager auf unserer Website?\r\nWir wollen Ihnen maximale Transparenz im Bereich Datenschutz bieten. Um das zu gew\u00e4hrleisten, m\u00fcssen wir zuerst genau wissen, welche Cookies im Laufe der Zeit auf unserer Website gelandet sind. Dadurch, dass der Cookie Manager von AdSimple regelm\u00e4\u00dfig unsere Website scannt und alle Cookies ausfindig macht, haben wir die volle Kontrolle \u00fcber diese Cookies und k\u00f6nnen so DSGVO-konform handeln. Wir k\u00f6nnen Sie dadurch \u00fcber die Nutzung der Cookies auf unserer Website genau informieren. Weiters bekommen Sie stets einen aktuellen und datenschutzkonformen Cookie-Hinweis und entscheiden per Checkbox-System selbst, welche Cookies Sie akzeptieren bzw. blockieren.\r\n\r\nWelche Daten werden von dem AdSimple Cookie Manager gespeichert?\r\nWenn Sie Cookies auf unserer Website zustimmen, wird folgendes Cookie von dem AdSimple Cookie Manager gesetzt:\r\n\r\nName: acm_status\r\nWert: \u201c:true,\u201dstatistik\u201d:true,\u201dmarketing\u201d:true,\u201dsocialmedia\u201d:true,\u201deinstellungen\u201d:true}\r\nVerwendungszweck: In diesem Cookie wird Ihr Zustimmungsstatus, gespeichert. Dadurch kann unsere Website auch bei zuk\u00fcnftigen Besuchen den aktuellen Status lesen und befolgen.\r\nAblaufdatum: nach einem Jahr\r\n\r\nWie lange und wo werden die Daten gespeichert?\r\nAlle Daten, die durch den AdSimple Cookie Manager erhoben werden, werden ausschlie\u00dflich innerhalb der Europ\u00e4ischen Union \u00fcbertragen und gespeichert. Die erhobenen Daten werden auf den Servern von AdSimple bei der Hetzner GmbH in Deutschland gespeichert. Zugriff auf diese Daten hat ausschlie\u00dflich die AdSimple GmbH und die Hetzner GmbH.\r\n\r\nWie kann ich meine Daten l\u00f6schen bzw. die Datenspeicherung verhindern?\r\nSie haben jederzeit das Recht auf Ihre personenbezogenen Daten zuzugreifen und sie auch zu l\u00f6schen. Die Datenerfassung und Speicherung k\u00f6nnen Sie beispielsweise verhindern, indem Sie \u00fcber das Cookie-Hinweis-Script die Verwendung von Cookies ablehnen. Eine weitere M\u00f6glichkeit die Datenverarbeitung zu unterbinden bzw. nach Ihren W\u00fcnschen zu verwalten, bietet Ihr Browser. Je nach Browser funktioniert die Cookie-Verwaltung etwas anders. Hier finden Sie die Anleitungen zu den momentan bekanntesten Browsern:\r\n\r\nChrome: Cookies in Chrome l\u00f6schen, aktivieren und verwalten\r\n\r\nSafari: Verwalten von Cookies und Websitedaten mit Safari\r\n\r\nFirefox: Cookies l\u00f6schen, um Daten zu entfernen, die Websites auf Ihrem Computer abgelegt haben\r\n\r\nInternet Explorer: L\u00f6schen und Verwalten von Cookies\r\n\r\nMicrosoft Edge: L\u00f6schen und Verwalten von Cookies\r\n\r\nWir hoffen, wir haben Ihnen einen guten \u00dcberblick \u00fcber den Datenverkehr und die Datenverarbeitung durch den AdSimple Cookie Manager geliefert. Wenn Sie mehr \u00fcber dieses Tool erfahren wollen, empfehlen wir Ihnen die Beschreibungsseite auf https:\/\/www.adsimple.at\/adsimple-cookie-manager\/.\r\n\r\nAutomatische Datenspeicherung\r\n\r\nWenn Sie heutzutage Webseiten besuchen, werden gewisse Informationen automatisch erstellt und gespeichert, so auch auf dieser Webseite.\r\n\r\nWenn Sie unsere Webseite so wie jetzt gerade besuchen, speichert unser Webserver (Computer auf dem diese Webseite gespeichert ist) automatisch Daten wie\r\n\r\ndie Adresse (URL) der aufgerufenen Webseite\r\nBrowser und Browserversion\r\ndas verwendete Betriebssystem\r\ndie Adresse (URL) der zuvor besuchten Seite (Referrer URL)\r\nden Hostname und die IP-Adresse des Ger\u00e4ts von welchem aus zugegriffen wird\r\nDatum und Uhrzeit\r\nin Dateien (Webserver-Logfiles).\r\n\r\nIn der Regel werden Webserver-Logfiles zwei Wochen gespeichert und danach automatisch gel\u00f6scht. Wir geben diese Daten nicht weiter, k\u00f6nnen jedoch nicht ausschlie\u00dfen, dass diese Daten beim Vorliegen von rechtswidrigem Verhalten eingesehen werden.\r\n\r\nSpeicherung pers\u00f6nlicher Daten\r\n\r\nPers\u00f6nliche Daten, die Sie uns auf dieser Website elektronisch \u00fcbermitteln, wie zum Beispiel Name, E-Mail-Adresse, Adresse oder andere pers\u00f6nlichen Angaben im Rahmen der \u00dcbermittlung eines Formulars oder Kommentaren im Blog, werden von uns gemeinsam mit dem Zeitpunkt und der IP-Adresse nur zum jeweils angegebenen Zweck verwendet, sicher verwahrt und nicht an Dritte weitergegeben.\r\n\r\nWir nutzen Ihre pers\u00f6nlichen Daten somit nur f\u00fcr die Kommunikation mit jenen Besuchern, die Kontakt ausdr\u00fccklich w\u00fcnschen und f\u00fcr die Abwicklung der auf dieser Webseite angebotenen Dienstleistungen und Produkte. Wir geben Ihre pers\u00f6nlichen Daten ohne Zustimmung nicht weiter, k\u00f6nnen jedoch nicht ausschlie\u00dfen, dass diese Daten beim Vorliegen von rechtswidrigem Verhalten eingesehen werden.\r\n\r\nWenn Sie uns pers\u00f6nliche Daten per E-Mail schicken \u2013 somit abseits dieser Webseite \u2013 k\u00f6nnen wir keine sichere \u00dcbertragung und den Schutz Ihrer Daten garantieren. Wir empfehlen Ihnen, vertrauliche Daten niemals unverschl\u00fcsselt per E-Mail zu \u00fcbermitteln.\r\n\r\nDie Rechtsgrundlage besteht nach Artikel 6  Absatz 1 a DSGVO (Rechtm\u00e4\u00dfigkeit der Verarbeitung) darin, dass Sie uns die Einwilligung zur Verarbeitung der von Ihnen eingegebenen Daten geben. Sie k\u00f6nnen diesen Einwilligung jederzeit widerrufen \u2013 eine formlose E-Mail reicht aus, Sie finden unsere Kontaktdaten im Impressum.\r\n\r\nRechte laut Datenschutzgrundverordnung\r\n\r\nIhnen stehen laut den Bestimmungen der DSGVO grunds\u00e4tzlich die folgende Rechte zu:\r\n\r\nRecht auf Berichtigung (Artikel 16 DSGVO)\r\nRecht auf L\u00f6schung (\u201eRecht auf Vergessenwerden\u201c) (Artikel 17 DSGVO)\r\nRecht auf Einschr\u00e4nkung der Verarbeitung (Artikel 18 DSGVO)\r\nRecht auf Benachrichtigung \u2013 Mitteilungspflicht im Zusammenhang mit der Berichtigung oder L\u00f6schung personenbezogener Daten oder der Einschr\u00e4nkung der Verarbeitung (Artikel 19 DSGVO)\r\nRecht auf Daten\u00fcbertragbarkeit (Artikel 20 DSGVO)\r\nWiderspruchsrecht (Artikel 21 DSGVO)\r\nRecht, nicht einer ausschlie\u00dflich auf einer automatisierten Verarbeitung \u2014 einschlie\u00dflich Profiling \u2014 beruhenden Entscheidung unterworfen zu werden (Artikel 22 DSGVO)\r\nWenn Sie glauben, dass die Verarbeitung Ihrer Daten gegen das Datenschutzrecht verst\u00f6\u00dft oder Ihre datenschutzrechtlichen Anspr\u00fcche sonst in einer Weise verletzt worden sind, k\u00f6nnen Sie sich an die Bundesbeauftragte f\u00fcr den Datenschutz und die Informationsfreiheit (BfDI) wenden.\r\n\r\nTLS-Verschl\u00fcsselung mit https\r\n\r\nWir verwenden https um Daten abh\u00f6rsicher im Internet zu \u00fcbertragen (Datenschutz durch Technikgestaltung Artikel 25 Absatz 1 DSGVO). Durch den Einsatz von TLS (Transport Layer Security), einem Verschl\u00fcsselungsprotokoll zur sicheren Daten\u00fcbertragung im Internet k\u00f6nnen wir den Schutz vertraulicher Daten sicherstellen. Sie erkennen die Benutzung dieser Absicherung der Daten\u00fcbertragung am kleinen Schlo\u00dfsymbol links oben im Browser und der Verwendung des Schemas https (anstatt http) als Teil unserer Internetadresse.\r\n\r\nEingebettete Social Media Elemente Datenschutzerkl\u00e4rung\r\n\r\nWir binden auf unserer Webseite Elemente von Social Media Diensten ein um Bilder, Videos und Texte anzuzeigen.\r\nDurch den Besuch von Seiten die diese Elemente darstellen, werden Daten von Ihrem Browser zum jeweiligen Social Media Dienst \u00fcbertragen und dort gespeichert. Wir haben keinen Zugriff auf diese Daten.\r\nDie folgenden Links f\u00fchren Sie zu den Seiten der jeweiligen Social Media Dienste wo erkl\u00e4rt wird, wie diese mit Ihren Daten umgehen:\r\n\r\nInstagram-Datenschutzrichtlinie: https:\/\/help.instagram.com\/519522125107875\r\nF\u00fcr YouTube gilt die Google Datenschutzerkl\u00e4rung: https:\/\/policies.google.com\/privacy?hl=de\r\nFacebook-Datenrichtline: https:\/\/www.facebook.com\/about\/privacy\r\nTwitter Datenschutzrichtlinie: https:\/\/twitter.com\/de\/privacy\r\nNewsletter Datenschutzerkl\u00e4rung\r\n\r\nWenn Sie sich f\u00fcr unseren Newsletter eintragen \u00fcbermitteln Sie die oben genannten pers\u00f6nlichen Daten und geben uns das Recht Sie per E-Mail zu kontaktieren. Die im Rahmen der Anmeldung zum Newsletter gespeicherten Daten nutzen wir ausschlie\u00dflich f\u00fcr unseren Newsletter und geben diese nicht weiter.\r\n\r\nSollten Sie sich vom Newsletter abmelden \u2013 Sie finden den Link daf\u00fcr in jedem Newsletter ganz unten \u2013 dann l\u00f6schen wir alle Daten die mit der Anmeldung zum Newsletter gespeichert wurden.\r\n\r\nQuelle: Erstellt mit dem Datenschutz Generator von AdSimple in Kooperation mit 123familie.de\r\n\r\n\r\n\r\n\r\n\r\n<h2 class=\"wp-block-heading\">Who we are<\/h2><p>Our website address is: https:\/\/sublinemusic.com.<\/p><h2 class=\"wp-block-heading\">What personal data we collect and why we collect it<\/h2><h3 class=\"wp-block-heading\">Comments<\/h3><p>When visitors leave comments on the site we collect the data shown in the comments form, and also the visitor&#8217;s IP address and browser user agent string to help spam detection.<\/p><p>An anonymized string created from your email address (also called a hash) may be provided to the Gravatar service to see if you are using it. The Gravatar service privacy policy is available here: https:\/\/automattic.com\/privacy\/. After approval of your comment, your profile picture is visible to the public in the context of your comment.<\/p><h3 class=\"wp-block-heading\">Media<\/h3><p>If you upload images to the website, you should avoid uploading images with embedded location data (EXIF GPS) included. Visitors to the website can download and extract any location data from images on the website.<\/p><h3 class=\"wp-block-heading\">Contact forms<\/h3><h3 class=\"wp-block-heading\">Cookies<\/h3><p>If you leave a comment on our site you may opt-in to saving your name, email address and website in cookies. These are for your convenience so that you do not have to fill in your details again when you leave another comment. These cookies will last for one year.<\/p><p>If you visit our login page, we will set a temporary cookie to determine if your browser accepts cookies. This cookie contains no personal data and is discarded when you close your browser.<\/p><p>When you log in, we will also set up several cookies to save your login information and your screen display choices. Login cookies last for two days, and screen options cookies last for a year. If you select &quot;Remember Me&quot;, your login will persist for two weeks. If you log out of your account, the login cookies will be removed.<\/p><p>If you edit or publish an article, an additional cookie will be saved in your browser. This cookie includes no personal data and simply indicates the post ID of the article you just edited. It expires after 1 day.<\/p><h3 class=\"wp-block-heading\">Embedded content from other websites<\/h3><p>Articles on this site may include embedded content (e.g. videos, images, articles, etc.). Embedded content from other websites behaves in the exact same way as if the visitor has visited the other website.<\/p><p>These websites may collect data about you, use cookies, embed additional third-party tracking, and monitor your interaction with that embedded content, including tracking your interaction with the embedded content if you have an account and are logged in to that website.<\/p><h3 class=\"wp-block-heading\">Analytics<\/h3><h2 class=\"wp-block-heading\">Who we share your data with<\/h2><h2 class=\"wp-block-heading\">How long we retain your data<\/h2><p>If you leave a comment, the comment and its metadata are retained indefinitely. This is so we can recognize and approve any follow-up comments automatically instead of holding them in a moderation queue.<\/p><p>For users that register on our website (if any), we also store the personal information they provide in their user profile. All users can see, edit, or delete their personal information at any time (except they cannot change their username). Website administrators can also see and edit that information.<\/p><h2 class=\"wp-block-heading\">What rights you have over your data<\/h2><p>If you have an account on this site, or have left comments, you can request to receive an exported file of the personal data we hold about you, including any data you have provided to us. You can also request that we erase any personal data we hold about you. This does not include any data we are obliged to keep for administrative, legal, or security purposes.<\/p><h2 class=\"wp-block-heading\">Where we send your data<\/h2><p>Visitor comments may be checked through an automated spam detection service.<\/p><h2 class=\"wp-block-heading\">Your contact information<\/h2><h2 class=\"wp-block-heading\">Additional information<\/h2><h3 class=\"wp-block-heading\">How we protect your data<\/h3><h3 class=\"wp-block-heading\">What data breach procedures we have in place<\/h3><h3 class=\"wp-block-heading\">What third parties we receive data from<\/h3><h3 class=\"wp-block-heading\">What automated decision making and\/or profiling we do with user data<\/h3><h3 class=\"wp-block-heading\">Industry regulatory disclosure requirements<\/h3>","protected":false},"excerpt":{"rendered":"<p>Datenschutzerkl\u00e4rung WooCommerce Datenschutzerkl\u00e4rung Wir haben auf unserer Website das Open-Source Shopsystem WooCommerce als Plugin eingebunden. Dieses WooCommerce-Plugin basiert auf dem Content-Management-System WordPress, das ein Tochterunternehmen der Firma Automattic Inc. (60 29th Street #343, San Francisco, CA 94110, USA) ist. Durch die implementierten Funktionen werden Daten an Automattic Inc. versandt, gespeichert und verarbeitet. In dieser Datenschutzerkl\u00e4rung&hellip; <br \/> <a class=\"read-more\" href=\"https:\/\/sublinemusic.com\/index.php\/privacy-policy\/\">Weiterlesen<\/a><\/p>\n","protected":false},"author":1,"featured_media":0,"parent":0,"menu_order":0,"comment_status":"closed","ping_status":"closed","template":"","meta":{"footnotes":""},"class_list":["post-3","page","type-page","status-publish","hentry"],"_links":{"self":[{"href":"https:\/\/sublinemusic.com\/index.php\/wp-json\/wp\/v2\/pages\/3","targetHints":{"allow":["GET"]}}],"collection":[{"href":"https:\/\/sublinemusic.com\/index.php\/wp-json\/wp\/v2\/pages"}],"about":[{"href":"https:\/\/sublinemusic.com\/index.php\/wp-json\/wp\/v2\/types\/page"}],"author":[{"embeddable":true,"href":"https:\/\/sublinemusic.com\/index.php\/wp-json\/wp\/v2\/users\/1"}],"replies":[{"embeddable":true,"href":"https:\/\/sublinemusic.com\/index.php\/wp-json\/wp\/v2\/comments?post=3"}],"version-history":[{"count":1,"href":"https:\/\/sublinemusic.com\/index.php\/wp-json\/wp\/v2\/pages\/3\/revisions"}],"predecessor-version":[{"id":67,"href":"https:\/\/sublinemusic.com\/index.php\/wp-json\/wp\/v2\/pages\/3\/revisions\/67"}],"wp:attachment":[{"href":"https:\/\/sublinemusic.com\/index.php\/wp-json\/wp\/v2\/media?parent=3"}],"curies":[{"name":"wp","href":"https:\/\/api.w.org\/{rel}","templated":true}]}}